{"id":888,"date":"2021-03-01T10:44:19","date_gmt":"2021-03-01T09:44:19","guid":{"rendered":"https:\/\/lecose.store\/?post_type=product&#038;p=888"},"modified":"2021-04-08T16:37:04","modified_gmt":"2021-04-08T14:37:04","slug":"tris-cestini-tuttotondo","status":"publish","type":"product","link":"https:\/\/lecose.store\/en\/prodotto\/tris-cestini-tuttotondo\/","title":{"rendered":"Tuttotondo-tris"},"content":{"rendered":"","protected":false},"excerpt":{"rendered":"<p>set composto da 3 contenitori portaoggetti\/portamatite\/ da scrivania, per la casa, per l&#8217;ufficio<\/p>\n<p>\u00f810 x h 5<\/p>\n<p>\u00f812 x h 6<\/p>\n<p>\u00f88 x h 9<\/p>\n<p>In eco-cartone, finiture in forex bianco o nero<\/p>\n<p>Unca design<\/p>\n","protected":false},"featured_media":881,"template":"","meta":[],"product_brand":[],"product_cat":[20],"product_tag":[31,85,86,88,77,87,84],"class_list":{"0":"post-888","1":"product","2":"type-product","3":"status-publish","4":"has-post-thumbnail","6":"product_cat-stationery","7":"product_tag-cardboard","8":"product_tag-ecofriendly","9":"product_tag-homedesign","10":"product_tag-lecco","11":"product_tag-lecosepescarenico","12":"product_tag-officedesign","13":"product_tag-portamatite","15":"first","16":"instock","17":"shipping-taxable","18":"purchasable","19":"product-type-variable"},"yoast_head":"<!-- This site is optimized with the Yoast SEO plugin v27.4 - https:\/\/yoast.com\/product\/yoast-seo-wordpress\/ -->\n<title>Tuttotondo-tris - lecose.store<\/title>\n<meta name=\"robots\" content=\"index, follow, max-snippet:-1, max-image-preview:large, max-video-preview:-1\" \/>\n<link rel=\"canonical\" href=\"https:\/\/lecose.store\/product\/tris-cestini-tuttotondo\/\" \/>\n<meta property=\"og:locale\" content=\"en_US\" \/>\n<meta property=\"og:type\" content=\"article\" \/>\n<meta property=\"og:title\" content=\"Tuttotondo-tris - lecose.store\" \/>\n<meta property=\"og:description\" content=\"set composto da 3 contenitori portaoggetti\/portamatite\/ da scrivania, per la casa, per l&#039;ufficio  \u00f810 x h 5  \u00f812 x h 6  \u00f88 x h 9  In eco-cartone, finiture in forex bianco o nero  Unca design\" \/>\n<meta property=\"og:url\" content=\"https:\/\/lecose.store\/product\/tris-cestini-tuttotondo\/\" \/>\n<meta property=\"og:site_name\" content=\"lecose.store\" \/>\n<meta property=\"article:publisher\" content=\"https:\/\/www.facebook.com\/AminaLegrottaglie\" \/>\n<meta property=\"article:modified_time\" content=\"2021-04-08T14:37:04+00:00\" \/>\n<meta property=\"og:image\" content=\"https:\/\/lecose.store\/wp-content\/uploads\/2021\/03\/tris-portaoggetti-nero-scaled.jpg\" \/>\n\t<meta property=\"og:image:width\" content=\"2492\" \/>\n\t<meta property=\"og:image:height\" content=\"2560\" \/>\n\t<meta property=\"og:image:type\" content=\"image\/jpeg\" \/>\n<meta name=\"twitter:card\" content=\"summary_large_image\" \/>\n<script type=\"application\/ld+json\" class=\"yoast-schema-graph\">{\"@context\":\"https:\\\/\\\/schema.org\",\"@graph\":[{\"@type\":\"WebPage\",\"@id\":\"https:\\\/\\\/lecose.store\\\/product\\\/tris-cestini-tuttotondo\\\/\",\"url\":\"https:\\\/\\\/lecose.store\\\/product\\\/tris-cestini-tuttotondo\\\/\",\"name\":\"Tuttotondo-tris - lecose.store\",\"isPartOf\":{\"@id\":\"https:\\\/\\\/lecose.store\\\/#website\"},\"primaryImageOfPage\":{\"@id\":\"https:\\\/\\\/lecose.store\\\/product\\\/tris-cestini-tuttotondo\\\/#primaryimage\"},\"image\":{\"@id\":\"https:\\\/\\\/lecose.store\\\/product\\\/tris-cestini-tuttotondo\\\/#primaryimage\"},\"thumbnailUrl\":\"https:\\\/\\\/lecose.store\\\/wp-content\\\/uploads\\\/2021\\\/03\\\/tris-portaoggetti-nero-scaled.jpg\",\"datePublished\":\"2021-03-01T09:44:19+00:00\",\"dateModified\":\"2021-04-08T14:37:04+00:00\",\"breadcrumb\":{\"@id\":\"https:\\\/\\\/lecose.store\\\/product\\\/tris-cestini-tuttotondo\\\/#breadcrumb\"},\"inLanguage\":\"en-US\",\"potentialAction\":[{\"@type\":\"ReadAction\",\"target\":[\"https:\\\/\\\/lecose.store\\\/product\\\/tris-cestini-tuttotondo\\\/\"]}]},{\"@type\":\"ImageObject\",\"inLanguage\":\"en-US\",\"@id\":\"https:\\\/\\\/lecose.store\\\/product\\\/tris-cestini-tuttotondo\\\/#primaryimage\",\"url\":\"https:\\\/\\\/lecose.store\\\/wp-content\\\/uploads\\\/2021\\\/03\\\/tris-portaoggetti-nero-scaled.jpg\",\"contentUrl\":\"https:\\\/\\\/lecose.store\\\/wp-content\\\/uploads\\\/2021\\\/03\\\/tris-portaoggetti-nero-scaled.jpg\",\"width\":2492,\"height\":2560},{\"@type\":\"BreadcrumbList\",\"@id\":\"https:\\\/\\\/lecose.store\\\/product\\\/tris-cestini-tuttotondo\\\/#breadcrumb\",\"itemListElement\":[{\"@type\":\"ListItem\",\"position\":1,\"name\":\"Shop\",\"item\":\"https:\\\/\\\/lecose.store\\\/negozio\\\/\"},{\"@type\":\"ListItem\",\"position\":2,\"name\":\"Tuttotondo-tris\"}]},{\"@type\":\"WebSite\",\"@id\":\"https:\\\/\\\/lecose.store\\\/#website\",\"url\":\"https:\\\/\\\/lecose.store\\\/\",\"name\":\"lecose.store\",\"description\":\"Emporio rilevante\",\"potentialAction\":[{\"@type\":\"SearchAction\",\"target\":{\"@type\":\"EntryPoint\",\"urlTemplate\":\"https:\\\/\\\/lecose.store\\\/?s={search_term_string}\"},\"query-input\":{\"@type\":\"PropertyValueSpecification\",\"valueRequired\":true,\"valueName\":\"search_term_string\"}}],\"inLanguage\":\"en-US\"}]}<\/script>\n<!-- \/ Yoast SEO plugin. -->","yoast_head_json":{"title":"Tuttotondo-tris - lecose.store","robots":{"index":"index","follow":"follow","max-snippet":"max-snippet:-1","max-image-preview":"max-image-preview:large","max-video-preview":"max-video-preview:-1"},"canonical":"https:\/\/lecose.store\/product\/tris-cestini-tuttotondo\/","og_locale":"en_US","og_type":"article","og_title":"Tuttotondo-tris - lecose.store","og_description":"set composto da 3 contenitori portaoggetti\/portamatite\/ da scrivania, per la casa, per l'ufficio  \u00f810 x h 5  \u00f812 x h 6  \u00f88 x h 9  In eco-cartone, finiture in forex bianco o nero  Unca design","og_url":"https:\/\/lecose.store\/product\/tris-cestini-tuttotondo\/","og_site_name":"lecose.store","article_publisher":"https:\/\/www.facebook.com\/AminaLegrottaglie","article_modified_time":"2021-04-08T14:37:04+00:00","og_image":[{"width":2492,"height":2560,"url":"https:\/\/lecose.store\/wp-content\/uploads\/2021\/03\/tris-portaoggetti-nero-scaled.jpg","type":"image\/jpeg"}],"twitter_card":"summary_large_image","schema":{"@context":"https:\/\/schema.org","@graph":[{"@type":"WebPage","@id":"https:\/\/lecose.store\/product\/tris-cestini-tuttotondo\/","url":"https:\/\/lecose.store\/product\/tris-cestini-tuttotondo\/","name":"Tuttotondo-tris - lecose.store","isPartOf":{"@id":"https:\/\/lecose.store\/#website"},"primaryImageOfPage":{"@id":"https:\/\/lecose.store\/product\/tris-cestini-tuttotondo\/#primaryimage"},"image":{"@id":"https:\/\/lecose.store\/product\/tris-cestini-tuttotondo\/#primaryimage"},"thumbnailUrl":"https:\/\/lecose.store\/wp-content\/uploads\/2021\/03\/tris-portaoggetti-nero-scaled.jpg","datePublished":"2021-03-01T09:44:19+00:00","dateModified":"2021-04-08T14:37:04+00:00","breadcrumb":{"@id":"https:\/\/lecose.store\/product\/tris-cestini-tuttotondo\/#breadcrumb"},"inLanguage":"en-US","potentialAction":[{"@type":"ReadAction","target":["https:\/\/lecose.store\/product\/tris-cestini-tuttotondo\/"]}]},{"@type":"ImageObject","inLanguage":"en-US","@id":"https:\/\/lecose.store\/product\/tris-cestini-tuttotondo\/#primaryimage","url":"https:\/\/lecose.store\/wp-content\/uploads\/2021\/03\/tris-portaoggetti-nero-scaled.jpg","contentUrl":"https:\/\/lecose.store\/wp-content\/uploads\/2021\/03\/tris-portaoggetti-nero-scaled.jpg","width":2492,"height":2560},{"@type":"BreadcrumbList","@id":"https:\/\/lecose.store\/product\/tris-cestini-tuttotondo\/#breadcrumb","itemListElement":[{"@type":"ListItem","position":1,"name":"Shop","item":"https:\/\/lecose.store\/negozio\/"},{"@type":"ListItem","position":2,"name":"Tuttotondo-tris"}]},{"@type":"WebSite","@id":"https:\/\/lecose.store\/#website","url":"https:\/\/lecose.store\/","name":"lecose.store","description":"Emporio rilevante","potentialAction":[{"@type":"SearchAction","target":{"@type":"EntryPoint","urlTemplate":"https:\/\/lecose.store\/?s={search_term_string}"},"query-input":{"@type":"PropertyValueSpecification","valueRequired":true,"valueName":"search_term_string"}}],"inLanguage":"en-US"}]}},"_links":{"self":[{"href":"https:\/\/lecose.store\/en\/wp-json\/wp\/v2\/product\/888","targetHints":{"allow":["GET"]}}],"collection":[{"href":"https:\/\/lecose.store\/en\/wp-json\/wp\/v2\/product"}],"about":[{"href":"https:\/\/lecose.store\/en\/wp-json\/wp\/v2\/types\/product"}],"wp:featuredmedia":[{"embeddable":true,"href":"https:\/\/lecose.store\/en\/wp-json\/wp\/v2\/media\/881"}],"wp:attachment":[{"href":"https:\/\/lecose.store\/en\/wp-json\/wp\/v2\/media?parent=888"}],"wp:term":[{"taxonomy":"product_brand","embeddable":true,"href":"https:\/\/lecose.store\/en\/wp-json\/wp\/v2\/product_brand?post=888"},{"taxonomy":"product_cat","embeddable":true,"href":"https:\/\/lecose.store\/en\/wp-json\/wp\/v2\/product_cat?post=888"},{"taxonomy":"product_tag","embeddable":true,"href":"https:\/\/lecose.store\/en\/wp-json\/wp\/v2\/product_tag?post=888"}],"curies":[{"name":"wp","href":"https:\/\/api.w.org\/{rel}","templated":true}]}}