{"id":274,"date":"2020-11-24T17:00:51","date_gmt":"2020-11-24T16:00:51","guid":{"rendered":"https:\/\/lecose.store\/?post_type=product&#038;p=274"},"modified":"2025-09-10T08:12:18","modified_gmt":"2025-09-10T06:12:18","slug":"memory-milano","status":"publish","type":"product","link":"https:\/\/lecose.store\/en\/prodotto\/memory-milano\/","title":{"rendered":"Lake Como Memo"},"content":{"rendered":"","protected":false},"excerpt":{"rendered":"<p><strong>Il gioco \u201cmemory\u201d del lago di Como nella nuova versione regalo con cofanetto in legno e coperchio a slitta.<\/strong><\/p>\n<div>Composto da 24 carte (12+12 coppie) con le illustrazioni delle ville e dei luoghi pi\u00f9 belli del nostro lago. Nella scatola in legno sono allegati anche un libretto con una breve presentazione dei luoghi e le istruzioni di gioco.<\/div>\n<div><\/div>\n<div>Per giocare vengono disposte le carte coperte sul tavolo. A turno ciascun giocatore gira due carte facendole vedere anche agli avversari. Lo scopo \u00e8 quello di abbinare un\u2019immagine con la sua immagine corrispondente: se le due carte costituiscono \u00a0una coppia il giocatore prende e tocca ancora a lui finch\u00e9 non sbaglia. Il gioco termina quando non ci sono pi\u00f9 carte sul tavolo: vince chi ne ha di pi\u00f9.<\/div>\n<div><\/div>\n<div>Formato 12x12cm, h. 5cm<\/div>\n<div>LeCose edition<\/div>\n","protected":false},"featured_media":4251,"template":"","meta":[],"product_brand":[],"product_cat":[17,24,25],"product_tag":[129],"class_list":{"0":"post-274","1":"product","2":"type-product","3":"status-publish","4":"has-post-thumbnail","6":"product_cat-bottega-lecose","7":"product_cat-giochi","8":"product_cat-souvenir","9":"product_tag-lagodicomomemorygiochi","11":"first","12":"instock","13":"shipping-taxable","14":"purchasable","15":"product-type-simple"},"yoast_head":"<!-- This site is optimized with the Yoast SEO plugin v27.4 - https:\/\/yoast.com\/product\/yoast-seo-wordpress\/ -->\n<title>Lake Como Memo - lecose.store<\/title>\n<meta name=\"robots\" content=\"index, follow, max-snippet:-1, max-image-preview:large, max-video-preview:-1\" \/>\n<link rel=\"canonical\" href=\"https:\/\/lecose.store\/prodotto\/memory-milano\/\" \/>\n<meta property=\"og:locale\" content=\"en_US\" \/>\n<meta property=\"og:type\" content=\"article\" \/>\n<meta property=\"og:title\" content=\"Lake Como Memo - lecose.store\" \/>\n<meta property=\"og:description\" content=\"Il gioco \u201cmemory\u201d del lago di Como nella nuova versione regalo con cofanetto in legno e coperchio a slitta. Composto da 24 carte (12+12 coppie) con le illustrazioni delle ville e dei luoghi pi\u00f9 belli del nostro lago. Nella scatola in legno sono allegati anche un libretto con una breve presentazione dei luoghi e le istruzioni di gioco.  Per giocare vengono disposte le carte coperte sul tavolo. A turno ciascun giocatore gira due carte facendole vedere anche agli avversari. Lo scopo \u00e8 quello di abbinare un\u2019immagine con la sua immagine corrispondente: se le due carte costituiscono \u00a0una coppia il giocatore prende e tocca ancora a lui finch\u00e9 non sbaglia. Il gioco termina quando non ci sono pi\u00f9 carte sul tavolo: vince chi ne ha di pi\u00f9.  Formato 12x12cm, h. 5cm LeCose edition\" \/>\n<meta property=\"og:url\" content=\"https:\/\/lecose.store\/prodotto\/memory-milano\/\" \/>\n<meta property=\"og:site_name\" content=\"lecose.store\" \/>\n<meta property=\"article:publisher\" content=\"https:\/\/www.facebook.com\/AminaLegrottaglie\" \/>\n<meta property=\"article:modified_time\" content=\"2025-09-10T06:12:18+00:00\" \/>\n<meta property=\"og:image\" content=\"https:\/\/lecose.store\/wp-content\/uploads\/2020\/11\/IMG_3433.jpg\" \/>\n\t<meta property=\"og:image:width\" content=\"1772\" \/>\n\t<meta property=\"og:image:height\" content=\"1890\" \/>\n\t<meta property=\"og:image:type\" content=\"image\/jpeg\" \/>\n<meta name=\"twitter:card\" content=\"summary_large_image\" \/>\n<meta name=\"twitter:label1\" content=\"Est. reading time\" \/>\n\t<meta name=\"twitter:data1\" content=\"1 minute\" \/>\n<script type=\"application\/ld+json\" class=\"yoast-schema-graph\">{\"@context\":\"https:\\\/\\\/schema.org\",\"@graph\":[{\"@type\":\"WebPage\",\"@id\":\"https:\\\/\\\/lecose.store\\\/prodotto\\\/memory-milano\\\/\",\"url\":\"https:\\\/\\\/lecose.store\\\/prodotto\\\/memory-milano\\\/\",\"name\":\"Lake Como Memo - lecose.store\",\"isPartOf\":{\"@id\":\"https:\\\/\\\/lecose.store\\\/#website\"},\"primaryImageOfPage\":{\"@id\":\"https:\\\/\\\/lecose.store\\\/prodotto\\\/memory-milano\\\/#primaryimage\"},\"image\":{\"@id\":\"https:\\\/\\\/lecose.store\\\/prodotto\\\/memory-milano\\\/#primaryimage\"},\"thumbnailUrl\":\"https:\\\/\\\/lecose.store\\\/wp-content\\\/uploads\\\/2020\\\/11\\\/IMG_3433.jpg\",\"datePublished\":\"2020-11-24T16:00:51+00:00\",\"dateModified\":\"2025-09-10T06:12:18+00:00\",\"breadcrumb\":{\"@id\":\"https:\\\/\\\/lecose.store\\\/prodotto\\\/memory-milano\\\/#breadcrumb\"},\"inLanguage\":\"en-US\",\"potentialAction\":[{\"@type\":\"ReadAction\",\"target\":[\"https:\\\/\\\/lecose.store\\\/prodotto\\\/memory-milano\\\/\"]}]},{\"@type\":\"ImageObject\",\"inLanguage\":\"en-US\",\"@id\":\"https:\\\/\\\/lecose.store\\\/prodotto\\\/memory-milano\\\/#primaryimage\",\"url\":\"https:\\\/\\\/lecose.store\\\/wp-content\\\/uploads\\\/2020\\\/11\\\/IMG_3433.jpg\",\"contentUrl\":\"https:\\\/\\\/lecose.store\\\/wp-content\\\/uploads\\\/2020\\\/11\\\/IMG_3433.jpg\",\"width\":1772,\"height\":1890},{\"@type\":\"BreadcrumbList\",\"@id\":\"https:\\\/\\\/lecose.store\\\/prodotto\\\/memory-milano\\\/#breadcrumb\",\"itemListElement\":[{\"@type\":\"ListItem\",\"position\":1,\"name\":\"Shop\",\"item\":\"https:\\\/\\\/lecose.store\\\/negozio\\\/\"},{\"@type\":\"ListItem\",\"position\":2,\"name\":\"Lake Como Memo\"}]},{\"@type\":\"WebSite\",\"@id\":\"https:\\\/\\\/lecose.store\\\/#website\",\"url\":\"https:\\\/\\\/lecose.store\\\/\",\"name\":\"lecose.store\",\"description\":\"Emporio rilevante\",\"potentialAction\":[{\"@type\":\"SearchAction\",\"target\":{\"@type\":\"EntryPoint\",\"urlTemplate\":\"https:\\\/\\\/lecose.store\\\/?s={search_term_string}\"},\"query-input\":{\"@type\":\"PropertyValueSpecification\",\"valueRequired\":true,\"valueName\":\"search_term_string\"}}],\"inLanguage\":\"en-US\"}]}<\/script>\n<!-- \/ Yoast SEO plugin. -->","yoast_head_json":{"title":"Lake Como Memo - lecose.store","robots":{"index":"index","follow":"follow","max-snippet":"max-snippet:-1","max-image-preview":"max-image-preview:large","max-video-preview":"max-video-preview:-1"},"canonical":"https:\/\/lecose.store\/prodotto\/memory-milano\/","og_locale":"en_US","og_type":"article","og_title":"Lake Como Memo - lecose.store","og_description":"Il gioco \u201cmemory\u201d del lago di Como nella nuova versione regalo con cofanetto in legno e coperchio a slitta. Composto da 24 carte (12+12 coppie) con le illustrazioni delle ville e dei luoghi pi\u00f9 belli del nostro lago. Nella scatola in legno sono allegati anche un libretto con una breve presentazione dei luoghi e le istruzioni di gioco.  Per giocare vengono disposte le carte coperte sul tavolo. A turno ciascun giocatore gira due carte facendole vedere anche agli avversari. Lo scopo \u00e8 quello di abbinare un\u2019immagine con la sua immagine corrispondente: se le due carte costituiscono \u00a0una coppia il giocatore prende e tocca ancora a lui finch\u00e9 non sbaglia. Il gioco termina quando non ci sono pi\u00f9 carte sul tavolo: vince chi ne ha di pi\u00f9.  Formato 12x12cm, h. 5cm LeCose edition","og_url":"https:\/\/lecose.store\/prodotto\/memory-milano\/","og_site_name":"lecose.store","article_publisher":"https:\/\/www.facebook.com\/AminaLegrottaglie","article_modified_time":"2025-09-10T06:12:18+00:00","og_image":[{"width":1772,"height":1890,"url":"https:\/\/lecose.store\/wp-content\/uploads\/2020\/11\/IMG_3433.jpg","type":"image\/jpeg"}],"twitter_card":"summary_large_image","twitter_misc":{"Est. reading time":"1 minute"},"schema":{"@context":"https:\/\/schema.org","@graph":[{"@type":"WebPage","@id":"https:\/\/lecose.store\/prodotto\/memory-milano\/","url":"https:\/\/lecose.store\/prodotto\/memory-milano\/","name":"Lake Como Memo - lecose.store","isPartOf":{"@id":"https:\/\/lecose.store\/#website"},"primaryImageOfPage":{"@id":"https:\/\/lecose.store\/prodotto\/memory-milano\/#primaryimage"},"image":{"@id":"https:\/\/lecose.store\/prodotto\/memory-milano\/#primaryimage"},"thumbnailUrl":"https:\/\/lecose.store\/wp-content\/uploads\/2020\/11\/IMG_3433.jpg","datePublished":"2020-11-24T16:00:51+00:00","dateModified":"2025-09-10T06:12:18+00:00","breadcrumb":{"@id":"https:\/\/lecose.store\/prodotto\/memory-milano\/#breadcrumb"},"inLanguage":"en-US","potentialAction":[{"@type":"ReadAction","target":["https:\/\/lecose.store\/prodotto\/memory-milano\/"]}]},{"@type":"ImageObject","inLanguage":"en-US","@id":"https:\/\/lecose.store\/prodotto\/memory-milano\/#primaryimage","url":"https:\/\/lecose.store\/wp-content\/uploads\/2020\/11\/IMG_3433.jpg","contentUrl":"https:\/\/lecose.store\/wp-content\/uploads\/2020\/11\/IMG_3433.jpg","width":1772,"height":1890},{"@type":"BreadcrumbList","@id":"https:\/\/lecose.store\/prodotto\/memory-milano\/#breadcrumb","itemListElement":[{"@type":"ListItem","position":1,"name":"Shop","item":"https:\/\/lecose.store\/negozio\/"},{"@type":"ListItem","position":2,"name":"Lake Como Memo"}]},{"@type":"WebSite","@id":"https:\/\/lecose.store\/#website","url":"https:\/\/lecose.store\/","name":"lecose.store","description":"Emporio rilevante","potentialAction":[{"@type":"SearchAction","target":{"@type":"EntryPoint","urlTemplate":"https:\/\/lecose.store\/?s={search_term_string}"},"query-input":{"@type":"PropertyValueSpecification","valueRequired":true,"valueName":"search_term_string"}}],"inLanguage":"en-US"}]}},"_links":{"self":[{"href":"https:\/\/lecose.store\/en\/wp-json\/wp\/v2\/product\/274","targetHints":{"allow":["GET"]}}],"collection":[{"href":"https:\/\/lecose.store\/en\/wp-json\/wp\/v2\/product"}],"about":[{"href":"https:\/\/lecose.store\/en\/wp-json\/wp\/v2\/types\/product"}],"wp:featuredmedia":[{"embeddable":true,"href":"https:\/\/lecose.store\/en\/wp-json\/wp\/v2\/media\/4251"}],"wp:attachment":[{"href":"https:\/\/lecose.store\/en\/wp-json\/wp\/v2\/media?parent=274"}],"wp:term":[{"taxonomy":"product_brand","embeddable":true,"href":"https:\/\/lecose.store\/en\/wp-json\/wp\/v2\/product_brand?post=274"},{"taxonomy":"product_cat","embeddable":true,"href":"https:\/\/lecose.store\/en\/wp-json\/wp\/v2\/product_cat?post=274"},{"taxonomy":"product_tag","embeddable":true,"href":"https:\/\/lecose.store\/en\/wp-json\/wp\/v2\/product_tag?post=274"}],"curies":[{"name":"wp","href":"https:\/\/api.w.org\/{rel}","templated":true}]}}