{"id":2165,"date":"2023-03-22T19:42:51","date_gmt":"2023-03-22T18:42:51","guid":{"rendered":"https:\/\/lecose.store\/?post_type=product&#038;p=2165"},"modified":"2024-09-27T15:11:06","modified_gmt":"2024-09-27T13:11:06","slug":"phil-the-bottle","status":"publish","type":"product","link":"https:\/\/lecose.store\/en\/prodotto\/phil-the-bottle\/","title":{"rendered":"Phil the bottle_Lake Como"},"content":{"rendered":"","protected":false},"excerpt":{"rendered":"<p>Phil the bottle &#8220;Lake Como&#8221;, la bottiglia da viaggio ricaricabile che ti\u00a0 guida attraverso i centri urbani del Lago di Como, a trovare\u00a0 l&#8217;acqua gratuita offerta dalle fontanelle di acqua potabile disponibili sul territorio!<\/p>\n<p>Sul retro della bottiglia c&#8217;\u00e8 una lista con le ubicazioni delle fontanelle dove pu\u00f2 essere riempita, lungo un percorso tra paesi e citt\u00e0 del lago di Como.<\/p>\n<p>L&#8217;acqua potabile delle fontanelle urbane \u00e8 sicura, perch\u00e8 altamente monitorata.<\/p>\n<p>Capacit\u00e0: 500ml &#8211; dimensioni: 9,5x4x17cm &#8211; Materiale: plastica PETG, alluminio 100% riciclabile &#8211; Made in Italy<\/p>\n<p>La nostra mappetta del Lario pieghevole \u00e8 in omaggio per te!<\/p>\n<p>Di Palomar,\u00a0 personalizzazione in esclusiva per LeCose.store<\/p>\n","protected":false},"featured_media":2166,"template":"","meta":[],"product_brand":[],"product_cat":[17,25],"product_tag":[],"class_list":{"0":"post-2165","1":"product","2":"type-product","3":"status-publish","4":"has-post-thumbnail","6":"product_cat-bottega-lecose","7":"product_cat-souvenir","9":"first","10":"instock","11":"shipping-taxable","12":"purchasable","13":"product-type-simple"},"yoast_head":"<!-- This site is optimized with the Yoast SEO plugin v27.4 - https:\/\/yoast.com\/product\/yoast-seo-wordpress\/ -->\n<title>Phil the bottle_Lake Como - lecose.store<\/title>\n<meta name=\"robots\" content=\"index, follow, max-snippet:-1, max-image-preview:large, max-video-preview:-1\" \/>\n<link rel=\"canonical\" href=\"https:\/\/lecose.store\/prodotto\/phil-the-bottle\/\" \/>\n<meta property=\"og:locale\" content=\"en_US\" \/>\n<meta property=\"og:type\" content=\"article\" \/>\n<meta property=\"og:title\" content=\"Phil the bottle_Lake Como - lecose.store\" \/>\n<meta property=\"og:description\" content=\"Phil the bottle &quot;Lake Como&quot;, la bottiglia da viaggio ricaricabile che ti\u00a0 guida attraverso i centri urbani del Lago di Como, a trovare\u00a0 l&#039;acqua gratuita offerta dalle fontanelle di acqua potabile disponibili sul territorio!  Sul retro della bottiglia c&#039;\u00e8 una lista con le ubicazioni delle fontanelle dove pu\u00f2 essere riempita, lungo un percorso tra paesi e citt\u00e0 del lago di Como.  L&#039;acqua potabile delle fontanelle urbane \u00e8 sicura, perch\u00e8 altamente monitorata.  Capacit\u00e0: 500ml - dimensioni: 9,5x4x17cm - Materiale: plastica PETG, alluminio 100% riciclabile - Made in Italy  La nostra mappetta del Lario pieghevole \u00e8 in omaggio per te!  Di Palomar,\u00a0 personalizzazione in esclusiva per LeCose.store\" \/>\n<meta property=\"og:url\" content=\"https:\/\/lecose.store\/prodotto\/phil-the-bottle\/\" \/>\n<meta property=\"og:site_name\" content=\"lecose.store\" \/>\n<meta property=\"article:publisher\" content=\"https:\/\/www.facebook.com\/AminaLegrottaglie\" \/>\n<meta property=\"article:modified_time\" content=\"2024-09-27T13:11:06+00:00\" \/>\n<meta property=\"og:image\" content=\"https:\/\/lecose.store\/wp-content\/uploads\/2023\/03\/IMG_6454.jpg\" \/>\n\t<meta property=\"og:image:width\" content=\"1512\" \/>\n\t<meta property=\"og:image:height\" content=\"1512\" \/>\n\t<meta property=\"og:image:type\" content=\"image\/jpeg\" \/>\n<meta name=\"twitter:card\" content=\"summary_large_image\" \/>\n<meta name=\"twitter:label1\" content=\"Est. reading time\" \/>\n\t<meta name=\"twitter:data1\" content=\"1 minute\" \/>\n<script type=\"application\/ld+json\" class=\"yoast-schema-graph\">{\"@context\":\"https:\\\/\\\/schema.org\",\"@graph\":[{\"@type\":\"WebPage\",\"@id\":\"https:\\\/\\\/lecose.store\\\/prodotto\\\/phil-the-bottle\\\/\",\"url\":\"https:\\\/\\\/lecose.store\\\/prodotto\\\/phil-the-bottle\\\/\",\"name\":\"Phil the bottle_Lake Como - lecose.store\",\"isPartOf\":{\"@id\":\"https:\\\/\\\/lecose.store\\\/#website\"},\"primaryImageOfPage\":{\"@id\":\"https:\\\/\\\/lecose.store\\\/prodotto\\\/phil-the-bottle\\\/#primaryimage\"},\"image\":{\"@id\":\"https:\\\/\\\/lecose.store\\\/prodotto\\\/phil-the-bottle\\\/#primaryimage\"},\"thumbnailUrl\":\"https:\\\/\\\/lecose.store\\\/wp-content\\\/uploads\\\/2023\\\/03\\\/IMG_6454.jpg\",\"datePublished\":\"2023-03-22T18:42:51+00:00\",\"dateModified\":\"2024-09-27T13:11:06+00:00\",\"breadcrumb\":{\"@id\":\"https:\\\/\\\/lecose.store\\\/prodotto\\\/phil-the-bottle\\\/#breadcrumb\"},\"inLanguage\":\"en-US\",\"potentialAction\":[{\"@type\":\"ReadAction\",\"target\":[\"https:\\\/\\\/lecose.store\\\/prodotto\\\/phil-the-bottle\\\/\"]}]},{\"@type\":\"ImageObject\",\"inLanguage\":\"en-US\",\"@id\":\"https:\\\/\\\/lecose.store\\\/prodotto\\\/phil-the-bottle\\\/#primaryimage\",\"url\":\"https:\\\/\\\/lecose.store\\\/wp-content\\\/uploads\\\/2023\\\/03\\\/IMG_6454.jpg\",\"contentUrl\":\"https:\\\/\\\/lecose.store\\\/wp-content\\\/uploads\\\/2023\\\/03\\\/IMG_6454.jpg\",\"width\":1512,\"height\":1512},{\"@type\":\"BreadcrumbList\",\"@id\":\"https:\\\/\\\/lecose.store\\\/prodotto\\\/phil-the-bottle\\\/#breadcrumb\",\"itemListElement\":[{\"@type\":\"ListItem\",\"position\":1,\"name\":\"Shop\",\"item\":\"https:\\\/\\\/lecose.store\\\/negozio\\\/\"},{\"@type\":\"ListItem\",\"position\":2,\"name\":\"Phil the bottle_Lake Como\"}]},{\"@type\":\"WebSite\",\"@id\":\"https:\\\/\\\/lecose.store\\\/#website\",\"url\":\"https:\\\/\\\/lecose.store\\\/\",\"name\":\"lecose.store\",\"description\":\"Emporio rilevante\",\"potentialAction\":[{\"@type\":\"SearchAction\",\"target\":{\"@type\":\"EntryPoint\",\"urlTemplate\":\"https:\\\/\\\/lecose.store\\\/?s={search_term_string}\"},\"query-input\":{\"@type\":\"PropertyValueSpecification\",\"valueRequired\":true,\"valueName\":\"search_term_string\"}}],\"inLanguage\":\"en-US\"}]}<\/script>\n<!-- \/ Yoast SEO plugin. -->","yoast_head_json":{"title":"Phil the bottle_Lake Como - lecose.store","robots":{"index":"index","follow":"follow","max-snippet":"max-snippet:-1","max-image-preview":"max-image-preview:large","max-video-preview":"max-video-preview:-1"},"canonical":"https:\/\/lecose.store\/prodotto\/phil-the-bottle\/","og_locale":"en_US","og_type":"article","og_title":"Phil the bottle_Lake Como - lecose.store","og_description":"Phil the bottle \"Lake Como\", la bottiglia da viaggio ricaricabile che ti\u00a0 guida attraverso i centri urbani del Lago di Como, a trovare\u00a0 l'acqua gratuita offerta dalle fontanelle di acqua potabile disponibili sul territorio!  Sul retro della bottiglia c'\u00e8 una lista con le ubicazioni delle fontanelle dove pu\u00f2 essere riempita, lungo un percorso tra paesi e citt\u00e0 del lago di Como.  L'acqua potabile delle fontanelle urbane \u00e8 sicura, perch\u00e8 altamente monitorata.  Capacit\u00e0: 500ml - dimensioni: 9,5x4x17cm - Materiale: plastica PETG, alluminio 100% riciclabile - Made in Italy  La nostra mappetta del Lario pieghevole \u00e8 in omaggio per te!  Di Palomar,\u00a0 personalizzazione in esclusiva per LeCose.store","og_url":"https:\/\/lecose.store\/prodotto\/phil-the-bottle\/","og_site_name":"lecose.store","article_publisher":"https:\/\/www.facebook.com\/AminaLegrottaglie","article_modified_time":"2024-09-27T13:11:06+00:00","og_image":[{"width":1512,"height":1512,"url":"https:\/\/lecose.store\/wp-content\/uploads\/2023\/03\/IMG_6454.jpg","type":"image\/jpeg"}],"twitter_card":"summary_large_image","twitter_misc":{"Est. reading time":"1 minute"},"schema":{"@context":"https:\/\/schema.org","@graph":[{"@type":"WebPage","@id":"https:\/\/lecose.store\/prodotto\/phil-the-bottle\/","url":"https:\/\/lecose.store\/prodotto\/phil-the-bottle\/","name":"Phil the bottle_Lake Como - lecose.store","isPartOf":{"@id":"https:\/\/lecose.store\/#website"},"primaryImageOfPage":{"@id":"https:\/\/lecose.store\/prodotto\/phil-the-bottle\/#primaryimage"},"image":{"@id":"https:\/\/lecose.store\/prodotto\/phil-the-bottle\/#primaryimage"},"thumbnailUrl":"https:\/\/lecose.store\/wp-content\/uploads\/2023\/03\/IMG_6454.jpg","datePublished":"2023-03-22T18:42:51+00:00","dateModified":"2024-09-27T13:11:06+00:00","breadcrumb":{"@id":"https:\/\/lecose.store\/prodotto\/phil-the-bottle\/#breadcrumb"},"inLanguage":"en-US","potentialAction":[{"@type":"ReadAction","target":["https:\/\/lecose.store\/prodotto\/phil-the-bottle\/"]}]},{"@type":"ImageObject","inLanguage":"en-US","@id":"https:\/\/lecose.store\/prodotto\/phil-the-bottle\/#primaryimage","url":"https:\/\/lecose.store\/wp-content\/uploads\/2023\/03\/IMG_6454.jpg","contentUrl":"https:\/\/lecose.store\/wp-content\/uploads\/2023\/03\/IMG_6454.jpg","width":1512,"height":1512},{"@type":"BreadcrumbList","@id":"https:\/\/lecose.store\/prodotto\/phil-the-bottle\/#breadcrumb","itemListElement":[{"@type":"ListItem","position":1,"name":"Shop","item":"https:\/\/lecose.store\/negozio\/"},{"@type":"ListItem","position":2,"name":"Phil the bottle_Lake Como"}]},{"@type":"WebSite","@id":"https:\/\/lecose.store\/#website","url":"https:\/\/lecose.store\/","name":"lecose.store","description":"Emporio rilevante","potentialAction":[{"@type":"SearchAction","target":{"@type":"EntryPoint","urlTemplate":"https:\/\/lecose.store\/?s={search_term_string}"},"query-input":{"@type":"PropertyValueSpecification","valueRequired":true,"valueName":"search_term_string"}}],"inLanguage":"en-US"}]}},"_links":{"self":[{"href":"https:\/\/lecose.store\/en\/wp-json\/wp\/v2\/product\/2165","targetHints":{"allow":["GET"]}}],"collection":[{"href":"https:\/\/lecose.store\/en\/wp-json\/wp\/v2\/product"}],"about":[{"href":"https:\/\/lecose.store\/en\/wp-json\/wp\/v2\/types\/product"}],"wp:featuredmedia":[{"embeddable":true,"href":"https:\/\/lecose.store\/en\/wp-json\/wp\/v2\/media\/2166"}],"wp:attachment":[{"href":"https:\/\/lecose.store\/en\/wp-json\/wp\/v2\/media?parent=2165"}],"wp:term":[{"taxonomy":"product_brand","embeddable":true,"href":"https:\/\/lecose.store\/en\/wp-json\/wp\/v2\/product_brand?post=2165"},{"taxonomy":"product_cat","embeddable":true,"href":"https:\/\/lecose.store\/en\/wp-json\/wp\/v2\/product_cat?post=2165"},{"taxonomy":"product_tag","embeddable":true,"href":"https:\/\/lecose.store\/en\/wp-json\/wp\/v2\/product_tag?post=2165"}],"curies":[{"name":"wp","href":"https:\/\/api.w.org\/{rel}","templated":true}]}}