{"id":2120,"date":"2023-03-18T19:36:27","date_gmt":"2023-03-18T18:36:27","guid":{"rendered":"https:\/\/lecose.store\/?post_type=product&#038;p=2120"},"modified":"2026-04-11T12:25:51","modified_gmt":"2026-04-11T10:25:51","slug":"ilario-the-lake-lover-baby","status":"publish","type":"product","link":"https:\/\/lecose.store\/en\/prodotto\/ilario-the-lake-lover-baby\/","title":{"rendered":"Ilario&#8212;&#8220;baby&#8221;"},"content":{"rendered":"<p>Ilario, il &#8220;Lariosauro&#8221; del Lago di Como, in versione &#8220;baby&#8221;<\/p>\n<p>Realizzato in esclusiva dal laboratorio artigianale Reggiani Ceramica per LeCose store. Ceramica italiana<\/p>\n<p>&#8220;Non \u00e8 vero che sono un mostro. Mi chiamo Ilario e sono un essere dolce e delicato, un amante appassionato. Esisto per davvero, e non solo nelle leggende. Si, qualche pescatore con qualche litro di vinello in circolo mi ha dipinto enorme ed aggressivo&#8230;.E invece no! Vago ormai da anni su e gi\u00f9 per il Lago (di Como ovviamente!) in cerca di un&#8217;anima gentile d&#8217;acqua dolce. Come me. Incontro per\u00f2 solo sirene e alborelle. Lei l&#8217;ho vista nei miei sogni lacustri&#8230;ma so che la incontrer\u00f2, prima o poi.&#8221;<\/p>\n<p>Misure massime di ingombro 25&#215;7 cm<\/p>\n<p>Cartiglio illustrato con la storia di Ilario inclusi nel packaging<\/p>\n<p>&nbsp;<\/p>\n","protected":false},"excerpt":{"rendered":"<p>Ilario, il &#8220;Lariosauro&#8221; del Lago di Como, in versione &#8220;baby&#8221; Realizzato in esclusiva dal laboratorio artigianale Reggiani Ceramica per LeCose store. Ceramica italiana &#8220;Non \u00e8 vero che sono un mostro. Mi chiamo Ilario e sono un essere dolce e delicato, un amante appassionato. Esisto per davvero, e non solo nelle leggende. Si, qualche pescatore con [&hellip;]<\/p>\n","protected":false},"featured_media":2140,"template":"","meta":[],"product_brand":[],"product_cat":[17,30,25],"product_tag":[],"class_list":{"0":"post-2120","1":"product","2":"type-product","3":"status-publish","4":"has-post-thumbnail","6":"product_cat-bottega-lecose","7":"product_cat-ceramiche","8":"product_cat-souvenir","10":"first","11":"instock","12":"shipping-taxable","13":"purchasable","14":"product-type-variable"},"yoast_head":"<!-- This site is optimized with the Yoast SEO plugin v27.4 - https:\/\/yoast.com\/product\/yoast-seo-wordpress\/ -->\n<title>Ilario-&quot;baby&quot; - lecose.store<\/title>\n<meta name=\"robots\" content=\"index, follow, max-snippet:-1, max-image-preview:large, max-video-preview:-1\" \/>\n<link rel=\"canonical\" href=\"https:\/\/lecose.store\/prodotto\/ilario-the-lake-lover-baby\/\" \/>\n<meta property=\"og:locale\" content=\"en_US\" \/>\n<meta property=\"og:type\" content=\"article\" \/>\n<meta property=\"og:title\" content=\"Ilario-&quot;baby&quot; - lecose.store\" \/>\n<meta property=\"og:description\" content=\"Ilario, il &#8220;Lariosauro&#8221; del Lago di Como, in versione &#8220;baby&#8221; Realizzato in esclusiva dal laboratorio artigianale Reggiani Ceramica per LeCose store. Ceramica italiana &#8220;Non \u00e8 vero che sono un mostro. Mi chiamo Ilario e sono un essere dolce e delicato, un amante appassionato. Esisto per davvero, e non solo nelle leggende. Si, qualche pescatore con [&hellip;]\" \/>\n<meta property=\"og:url\" content=\"https:\/\/lecose.store\/prodotto\/ilario-the-lake-lover-baby\/\" \/>\n<meta property=\"og:site_name\" content=\"lecose.store\" \/>\n<meta property=\"article:publisher\" content=\"https:\/\/www.facebook.com\/AminaLegrottaglie\" \/>\n<meta property=\"article:modified_time\" content=\"2026-04-11T10:25:51+00:00\" \/>\n<meta property=\"og:image\" content=\"https:\/\/lecose.store\/wp-content\/uploads\/2023\/03\/ilarietto-red.jpg\" \/>\n\t<meta property=\"og:image:width\" content=\"2362\" \/>\n\t<meta property=\"og:image:height\" content=\"2362\" \/>\n\t<meta property=\"og:image:type\" content=\"image\/jpeg\" \/>\n<meta name=\"twitter:card\" content=\"summary_large_image\" \/>\n<meta name=\"twitter:label1\" content=\"Est. reading time\" \/>\n\t<meta name=\"twitter:data1\" content=\"1 minute\" \/>\n<script type=\"application\/ld+json\" class=\"yoast-schema-graph\">{\"@context\":\"https:\\\/\\\/schema.org\",\"@graph\":[{\"@type\":\"WebPage\",\"@id\":\"https:\\\/\\\/lecose.store\\\/prodotto\\\/ilario-the-lake-lover-baby\\\/\",\"url\":\"https:\\\/\\\/lecose.store\\\/prodotto\\\/ilario-the-lake-lover-baby\\\/\",\"name\":\"Ilario-\\\"baby\\\" - lecose.store\",\"isPartOf\":{\"@id\":\"https:\\\/\\\/lecose.store\\\/#website\"},\"primaryImageOfPage\":{\"@id\":\"https:\\\/\\\/lecose.store\\\/prodotto\\\/ilario-the-lake-lover-baby\\\/#primaryimage\"},\"image\":{\"@id\":\"https:\\\/\\\/lecose.store\\\/prodotto\\\/ilario-the-lake-lover-baby\\\/#primaryimage\"},\"thumbnailUrl\":\"https:\\\/\\\/lecose.store\\\/wp-content\\\/uploads\\\/2023\\\/03\\\/ilarietto-red.jpg\",\"datePublished\":\"2023-03-18T18:36:27+00:00\",\"dateModified\":\"2026-04-11T10:25:51+00:00\",\"breadcrumb\":{\"@id\":\"https:\\\/\\\/lecose.store\\\/prodotto\\\/ilario-the-lake-lover-baby\\\/#breadcrumb\"},\"inLanguage\":\"en-US\",\"potentialAction\":[{\"@type\":\"ReadAction\",\"target\":[\"https:\\\/\\\/lecose.store\\\/prodotto\\\/ilario-the-lake-lover-baby\\\/\"]}]},{\"@type\":\"ImageObject\",\"inLanguage\":\"en-US\",\"@id\":\"https:\\\/\\\/lecose.store\\\/prodotto\\\/ilario-the-lake-lover-baby\\\/#primaryimage\",\"url\":\"https:\\\/\\\/lecose.store\\\/wp-content\\\/uploads\\\/2023\\\/03\\\/ilarietto-red.jpg\",\"contentUrl\":\"https:\\\/\\\/lecose.store\\\/wp-content\\\/uploads\\\/2023\\\/03\\\/ilarietto-red.jpg\",\"width\":2362,\"height\":2362},{\"@type\":\"BreadcrumbList\",\"@id\":\"https:\\\/\\\/lecose.store\\\/prodotto\\\/ilario-the-lake-lover-baby\\\/#breadcrumb\",\"itemListElement\":[{\"@type\":\"ListItem\",\"position\":1,\"name\":\"Shop\",\"item\":\"https:\\\/\\\/lecose.store\\\/negozio\\\/\"},{\"@type\":\"ListItem\",\"position\":2,\"name\":\"Ilario&#8212;&#8220;baby&#8221;\"}]},{\"@type\":\"WebSite\",\"@id\":\"https:\\\/\\\/lecose.store\\\/#website\",\"url\":\"https:\\\/\\\/lecose.store\\\/\",\"name\":\"lecose.store\",\"description\":\"Emporio rilevante\",\"potentialAction\":[{\"@type\":\"SearchAction\",\"target\":{\"@type\":\"EntryPoint\",\"urlTemplate\":\"https:\\\/\\\/lecose.store\\\/?s={search_term_string}\"},\"query-input\":{\"@type\":\"PropertyValueSpecification\",\"valueRequired\":true,\"valueName\":\"search_term_string\"}}],\"inLanguage\":\"en-US\"}]}<\/script>\n<!-- \/ Yoast SEO plugin. -->","yoast_head_json":{"title":"Ilario-\"baby\" - lecose.store","robots":{"index":"index","follow":"follow","max-snippet":"max-snippet:-1","max-image-preview":"max-image-preview:large","max-video-preview":"max-video-preview:-1"},"canonical":"https:\/\/lecose.store\/prodotto\/ilario-the-lake-lover-baby\/","og_locale":"en_US","og_type":"article","og_title":"Ilario-\"baby\" - lecose.store","og_description":"Ilario, il &#8220;Lariosauro&#8221; del Lago di Como, in versione &#8220;baby&#8221; Realizzato in esclusiva dal laboratorio artigianale Reggiani Ceramica per LeCose store. Ceramica italiana &#8220;Non \u00e8 vero che sono un mostro. Mi chiamo Ilario e sono un essere dolce e delicato, un amante appassionato. Esisto per davvero, e non solo nelle leggende. Si, qualche pescatore con [&hellip;]","og_url":"https:\/\/lecose.store\/prodotto\/ilario-the-lake-lover-baby\/","og_site_name":"lecose.store","article_publisher":"https:\/\/www.facebook.com\/AminaLegrottaglie","article_modified_time":"2026-04-11T10:25:51+00:00","og_image":[{"width":2362,"height":2362,"url":"https:\/\/lecose.store\/wp-content\/uploads\/2023\/03\/ilarietto-red.jpg","type":"image\/jpeg"}],"twitter_card":"summary_large_image","twitter_misc":{"Est. reading time":"1 minute"},"schema":{"@context":"https:\/\/schema.org","@graph":[{"@type":"WebPage","@id":"https:\/\/lecose.store\/prodotto\/ilario-the-lake-lover-baby\/","url":"https:\/\/lecose.store\/prodotto\/ilario-the-lake-lover-baby\/","name":"Ilario-\"baby\" - lecose.store","isPartOf":{"@id":"https:\/\/lecose.store\/#website"},"primaryImageOfPage":{"@id":"https:\/\/lecose.store\/prodotto\/ilario-the-lake-lover-baby\/#primaryimage"},"image":{"@id":"https:\/\/lecose.store\/prodotto\/ilario-the-lake-lover-baby\/#primaryimage"},"thumbnailUrl":"https:\/\/lecose.store\/wp-content\/uploads\/2023\/03\/ilarietto-red.jpg","datePublished":"2023-03-18T18:36:27+00:00","dateModified":"2026-04-11T10:25:51+00:00","breadcrumb":{"@id":"https:\/\/lecose.store\/prodotto\/ilario-the-lake-lover-baby\/#breadcrumb"},"inLanguage":"en-US","potentialAction":[{"@type":"ReadAction","target":["https:\/\/lecose.store\/prodotto\/ilario-the-lake-lover-baby\/"]}]},{"@type":"ImageObject","inLanguage":"en-US","@id":"https:\/\/lecose.store\/prodotto\/ilario-the-lake-lover-baby\/#primaryimage","url":"https:\/\/lecose.store\/wp-content\/uploads\/2023\/03\/ilarietto-red.jpg","contentUrl":"https:\/\/lecose.store\/wp-content\/uploads\/2023\/03\/ilarietto-red.jpg","width":2362,"height":2362},{"@type":"BreadcrumbList","@id":"https:\/\/lecose.store\/prodotto\/ilario-the-lake-lover-baby\/#breadcrumb","itemListElement":[{"@type":"ListItem","position":1,"name":"Shop","item":"https:\/\/lecose.store\/negozio\/"},{"@type":"ListItem","position":2,"name":"Ilario&#8212;&#8220;baby&#8221;"}]},{"@type":"WebSite","@id":"https:\/\/lecose.store\/#website","url":"https:\/\/lecose.store\/","name":"lecose.store","description":"Emporio rilevante","potentialAction":[{"@type":"SearchAction","target":{"@type":"EntryPoint","urlTemplate":"https:\/\/lecose.store\/?s={search_term_string}"},"query-input":{"@type":"PropertyValueSpecification","valueRequired":true,"valueName":"search_term_string"}}],"inLanguage":"en-US"}]}},"_links":{"self":[{"href":"https:\/\/lecose.store\/en\/wp-json\/wp\/v2\/product\/2120","targetHints":{"allow":["GET"]}}],"collection":[{"href":"https:\/\/lecose.store\/en\/wp-json\/wp\/v2\/product"}],"about":[{"href":"https:\/\/lecose.store\/en\/wp-json\/wp\/v2\/types\/product"}],"wp:featuredmedia":[{"embeddable":true,"href":"https:\/\/lecose.store\/en\/wp-json\/wp\/v2\/media\/2140"}],"wp:attachment":[{"href":"https:\/\/lecose.store\/en\/wp-json\/wp\/v2\/media?parent=2120"}],"wp:term":[{"taxonomy":"product_brand","embeddable":true,"href":"https:\/\/lecose.store\/en\/wp-json\/wp\/v2\/product_brand?post=2120"},{"taxonomy":"product_cat","embeddable":true,"href":"https:\/\/lecose.store\/en\/wp-json\/wp\/v2\/product_cat?post=2120"},{"taxonomy":"product_tag","embeddable":true,"href":"https:\/\/lecose.store\/en\/wp-json\/wp\/v2\/product_tag?post=2120"}],"curies":[{"name":"wp","href":"https:\/\/api.w.org\/{rel}","templated":true}]}}