{"id":1324,"date":"2021-04-17T16:36:11","date_gmt":"2021-04-17T14:36:11","guid":{"rendered":"https:\/\/lecose.store\/?post_type=product&#038;p=1324"},"modified":"2025-09-22T00:17:38","modified_gmt":"2025-09-21T22:17:38","slug":"animal-puzzle-naef","status":"publish","type":"product","link":"https:\/\/lecose.store\/en\/prodotto\/animal-puzzle-naef\/","title":{"rendered":"Animal Puzzle__Naef"},"content":{"rendered":"","protected":false},"excerpt":{"rendered":"<p>Un gioco composto da cubetti in legno con cui \u00e8 possibile comporre 6 diverse immagini stilizzate di animali: elefante, leone, orso, coniglio, scimmia, gufo. Dietro un gioco divertente che sviluppa creativit\u00e0 e immaginazione c&#8217;\u00e8 la qualit\u00e0 della lavorazione, i materiali eco-friendly e la firma di grandi designer che rendono questi oggetti cos\u00ec speciali un&#8217;opera d&#8217;arte destinata a durare nel tempo. Adatto ai bambini da 1 a 6 anni o dai cultori del design.<\/p>\n<p>design: Aoi Huber Kono (moglie del grande grafico Max Huber), 1962<\/p>\n<p>Naef Switzerland<\/p>\n","protected":false},"featured_media":1330,"template":"","meta":[],"product_brand":[],"product_cat":[24],"product_tag":[105,90,77,106],"class_list":{"0":"post-1324","1":"product","2":"type-product","3":"status-publish","4":"has-post-thumbnail","6":"product_cat-giochi","7":"product_tag-bauhaus","8":"product_tag-designstore","9":"product_tag-lecosepescarenico","10":"product_tag-timeless","12":"first","13":"outofstock","14":"sold-individually","15":"shipping-taxable","16":"purchasable","17":"product-type-simple"},"yoast_head":"<!-- This site is optimized with the Yoast SEO plugin v27.4 - https:\/\/yoast.com\/product\/yoast-seo-wordpress\/ -->\n<title>Animal Puzzle__Naef - lecose.store<\/title>\n<meta name=\"robots\" content=\"index, follow, max-snippet:-1, max-image-preview:large, max-video-preview:-1\" \/>\n<link rel=\"canonical\" href=\"https:\/\/lecose.store\/prodotto\/animal-puzzle-naef\/\" \/>\n<meta property=\"og:locale\" content=\"en_US\" \/>\n<meta property=\"og:type\" content=\"article\" \/>\n<meta property=\"og:title\" content=\"Animal Puzzle__Naef - lecose.store\" \/>\n<meta property=\"og:description\" content=\"Un gioco composto da cubetti in legno con cui \u00e8 possibile comporre 6 diverse immagini stilizzate di animali: elefante, leone, orso, coniglio, scimmia, gufo. Dietro un gioco divertente che sviluppa creativit\u00e0 e immaginazione c&#039;\u00e8 la qualit\u00e0 della lavorazione, i materiali eco-friendly e la firma di grandi designer che rendono questi oggetti cos\u00ec speciali un&#039;opera d&#039;arte destinata a durare nel tempo. Adatto ai bambini da 1 a 6 anni o dai cultori del design.  design: Aoi Huber Kono (moglie del grande grafico Max Huber), 1962  Naef Switzerland\" \/>\n<meta property=\"og:url\" content=\"https:\/\/lecose.store\/prodotto\/animal-puzzle-naef\/\" \/>\n<meta property=\"og:site_name\" content=\"lecose.store\" \/>\n<meta property=\"article:publisher\" content=\"https:\/\/www.facebook.com\/AminaLegrottaglie\" \/>\n<meta property=\"article:modified_time\" content=\"2025-09-21T22:17:38+00:00\" \/>\n<meta property=\"og:image\" content=\"https:\/\/lecose.store\/wp-content\/uploads\/2021\/04\/animal.jpg\" \/>\n\t<meta property=\"og:image:width\" content=\"1772\" \/>\n\t<meta property=\"og:image:height\" content=\"1772\" \/>\n\t<meta property=\"og:image:type\" content=\"image\/jpeg\" \/>\n<meta name=\"twitter:card\" content=\"summary_large_image\" \/>\n<meta name=\"twitter:label1\" content=\"Est. reading time\" \/>\n\t<meta name=\"twitter:data1\" content=\"1 minute\" \/>\n<script type=\"application\/ld+json\" class=\"yoast-schema-graph\">{\"@context\":\"https:\\\/\\\/schema.org\",\"@graph\":[{\"@type\":\"WebPage\",\"@id\":\"https:\\\/\\\/lecose.store\\\/prodotto\\\/animal-puzzle-naef\\\/\",\"url\":\"https:\\\/\\\/lecose.store\\\/prodotto\\\/animal-puzzle-naef\\\/\",\"name\":\"Animal Puzzle__Naef - lecose.store\",\"isPartOf\":{\"@id\":\"https:\\\/\\\/lecose.store\\\/#website\"},\"primaryImageOfPage\":{\"@id\":\"https:\\\/\\\/lecose.store\\\/prodotto\\\/animal-puzzle-naef\\\/#primaryimage\"},\"image\":{\"@id\":\"https:\\\/\\\/lecose.store\\\/prodotto\\\/animal-puzzle-naef\\\/#primaryimage\"},\"thumbnailUrl\":\"https:\\\/\\\/lecose.store\\\/wp-content\\\/uploads\\\/2021\\\/04\\\/animal.jpg\",\"datePublished\":\"2021-04-17T14:36:11+00:00\",\"dateModified\":\"2025-09-21T22:17:38+00:00\",\"breadcrumb\":{\"@id\":\"https:\\\/\\\/lecose.store\\\/prodotto\\\/animal-puzzle-naef\\\/#breadcrumb\"},\"inLanguage\":\"en-US\",\"potentialAction\":[{\"@type\":\"ReadAction\",\"target\":[\"https:\\\/\\\/lecose.store\\\/prodotto\\\/animal-puzzle-naef\\\/\"]}]},{\"@type\":\"ImageObject\",\"inLanguage\":\"en-US\",\"@id\":\"https:\\\/\\\/lecose.store\\\/prodotto\\\/animal-puzzle-naef\\\/#primaryimage\",\"url\":\"https:\\\/\\\/lecose.store\\\/wp-content\\\/uploads\\\/2021\\\/04\\\/animal.jpg\",\"contentUrl\":\"https:\\\/\\\/lecose.store\\\/wp-content\\\/uploads\\\/2021\\\/04\\\/animal.jpg\",\"width\":1772,\"height\":1772},{\"@type\":\"BreadcrumbList\",\"@id\":\"https:\\\/\\\/lecose.store\\\/prodotto\\\/animal-puzzle-naef\\\/#breadcrumb\",\"itemListElement\":[{\"@type\":\"ListItem\",\"position\":1,\"name\":\"Shop\",\"item\":\"https:\\\/\\\/lecose.store\\\/negozio\\\/\"},{\"@type\":\"ListItem\",\"position\":2,\"name\":\"Animal Puzzle__Naef\"}]},{\"@type\":\"WebSite\",\"@id\":\"https:\\\/\\\/lecose.store\\\/#website\",\"url\":\"https:\\\/\\\/lecose.store\\\/\",\"name\":\"lecose.store\",\"description\":\"Emporio rilevante\",\"potentialAction\":[{\"@type\":\"SearchAction\",\"target\":{\"@type\":\"EntryPoint\",\"urlTemplate\":\"https:\\\/\\\/lecose.store\\\/?s={search_term_string}\"},\"query-input\":{\"@type\":\"PropertyValueSpecification\",\"valueRequired\":true,\"valueName\":\"search_term_string\"}}],\"inLanguage\":\"en-US\"}]}<\/script>\n<!-- \/ Yoast SEO plugin. -->","yoast_head_json":{"title":"Animal Puzzle__Naef - lecose.store","robots":{"index":"index","follow":"follow","max-snippet":"max-snippet:-1","max-image-preview":"max-image-preview:large","max-video-preview":"max-video-preview:-1"},"canonical":"https:\/\/lecose.store\/prodotto\/animal-puzzle-naef\/","og_locale":"en_US","og_type":"article","og_title":"Animal Puzzle__Naef - lecose.store","og_description":"Un gioco composto da cubetti in legno con cui \u00e8 possibile comporre 6 diverse immagini stilizzate di animali: elefante, leone, orso, coniglio, scimmia, gufo. Dietro un gioco divertente che sviluppa creativit\u00e0 e immaginazione c'\u00e8 la qualit\u00e0 della lavorazione, i materiali eco-friendly e la firma di grandi designer che rendono questi oggetti cos\u00ec speciali un'opera d'arte destinata a durare nel tempo. Adatto ai bambini da 1 a 6 anni o dai cultori del design.  design: Aoi Huber Kono (moglie del grande grafico Max Huber), 1962  Naef Switzerland","og_url":"https:\/\/lecose.store\/prodotto\/animal-puzzle-naef\/","og_site_name":"lecose.store","article_publisher":"https:\/\/www.facebook.com\/AminaLegrottaglie","article_modified_time":"2025-09-21T22:17:38+00:00","og_image":[{"width":1772,"height":1772,"url":"https:\/\/lecose.store\/wp-content\/uploads\/2021\/04\/animal.jpg","type":"image\/jpeg"}],"twitter_card":"summary_large_image","twitter_misc":{"Est. reading time":"1 minute"},"schema":{"@context":"https:\/\/schema.org","@graph":[{"@type":"WebPage","@id":"https:\/\/lecose.store\/prodotto\/animal-puzzle-naef\/","url":"https:\/\/lecose.store\/prodotto\/animal-puzzle-naef\/","name":"Animal Puzzle__Naef - lecose.store","isPartOf":{"@id":"https:\/\/lecose.store\/#website"},"primaryImageOfPage":{"@id":"https:\/\/lecose.store\/prodotto\/animal-puzzle-naef\/#primaryimage"},"image":{"@id":"https:\/\/lecose.store\/prodotto\/animal-puzzle-naef\/#primaryimage"},"thumbnailUrl":"https:\/\/lecose.store\/wp-content\/uploads\/2021\/04\/animal.jpg","datePublished":"2021-04-17T14:36:11+00:00","dateModified":"2025-09-21T22:17:38+00:00","breadcrumb":{"@id":"https:\/\/lecose.store\/prodotto\/animal-puzzle-naef\/#breadcrumb"},"inLanguage":"en-US","potentialAction":[{"@type":"ReadAction","target":["https:\/\/lecose.store\/prodotto\/animal-puzzle-naef\/"]}]},{"@type":"ImageObject","inLanguage":"en-US","@id":"https:\/\/lecose.store\/prodotto\/animal-puzzle-naef\/#primaryimage","url":"https:\/\/lecose.store\/wp-content\/uploads\/2021\/04\/animal.jpg","contentUrl":"https:\/\/lecose.store\/wp-content\/uploads\/2021\/04\/animal.jpg","width":1772,"height":1772},{"@type":"BreadcrumbList","@id":"https:\/\/lecose.store\/prodotto\/animal-puzzle-naef\/#breadcrumb","itemListElement":[{"@type":"ListItem","position":1,"name":"Shop","item":"https:\/\/lecose.store\/negozio\/"},{"@type":"ListItem","position":2,"name":"Animal Puzzle__Naef"}]},{"@type":"WebSite","@id":"https:\/\/lecose.store\/#website","url":"https:\/\/lecose.store\/","name":"lecose.store","description":"Emporio rilevante","potentialAction":[{"@type":"SearchAction","target":{"@type":"EntryPoint","urlTemplate":"https:\/\/lecose.store\/?s={search_term_string}"},"query-input":{"@type":"PropertyValueSpecification","valueRequired":true,"valueName":"search_term_string"}}],"inLanguage":"en-US"}]}},"_links":{"self":[{"href":"https:\/\/lecose.store\/en\/wp-json\/wp\/v2\/product\/1324","targetHints":{"allow":["GET"]}}],"collection":[{"href":"https:\/\/lecose.store\/en\/wp-json\/wp\/v2\/product"}],"about":[{"href":"https:\/\/lecose.store\/en\/wp-json\/wp\/v2\/types\/product"}],"wp:featuredmedia":[{"embeddable":true,"href":"https:\/\/lecose.store\/en\/wp-json\/wp\/v2\/media\/1330"}],"wp:attachment":[{"href":"https:\/\/lecose.store\/en\/wp-json\/wp\/v2\/media?parent=1324"}],"wp:term":[{"taxonomy":"product_brand","embeddable":true,"href":"https:\/\/lecose.store\/en\/wp-json\/wp\/v2\/product_brand?post=1324"},{"taxonomy":"product_cat","embeddable":true,"href":"https:\/\/lecose.store\/en\/wp-json\/wp\/v2\/product_cat?post=1324"},{"taxonomy":"product_tag","embeddable":true,"href":"https:\/\/lecose.store\/en\/wp-json\/wp\/v2\/product_tag?post=1324"}],"curies":[{"name":"wp","href":"https:\/\/api.w.org\/{rel}","templated":true}]}}